{"id":416,"date":"2015-10-14T08:39:11","date_gmt":"2015-10-14T11:39:11","guid":{"rendered":"http:\/\/www.meconse.gob.ar\/index.php\/?page_id=416"},"modified":"2021-06-04T18:14:41","modified_gmt":"2021-06-04T21:14:41","slug":"objetivo","status":"publish","type":"page","link":"http:\/\/meconse.gob.ar\/index.php\/objetivo\/","title":{"rendered":"Objetivos"},"content":{"rendered":"<div class=\"flex_column av_one_full  flex_column_div av-zero-column-padding first  avia-builder-el-0  avia-builder-el-no-sibling  \" style='border-radius:0px; '><p><div  style='padding-bottom:10px; ' class='av-special-heading av-special-heading-h3    avia-builder-el-1  el_before_av_textblock  avia-builder-el-first  '><h3 class='av-special-heading-tag '  itemprop=\"headline\"  >Objetivos y Competencia del Ministerio de Econom\u00eda<\/h3><div class='special-heading-border'><div class='special-heading-inner-border' ><\/div><\/div><\/div><br \/>\n<section class=\"av_textblock_section \"  itemscope=\"itemscope\" itemtype=\"https:\/\/schema.org\/CreativeWork\" ><div class='avia_textblock  '   itemprop=\"text\" ><p>Es competencia del Ministerio de Econom\u00eda de Santiago del Estero, asistir al Gobernador y al Jefe de Gabinete en todo lo inherente a las pol\u00edticas de la gesti\u00f3n contable, presupuestaria y financiera del Estado, la administraci\u00f3n y recaudaci\u00f3n de los tributos provinciales y todo lo atinente al adecuado resguardo del patrimonio del Estado. En particular es de su competencia:<\/p>\n<ul>\n<li>Proyectar el Presupuesto General de Gastos y Recursos de la Provincia e intervenir en la fijaci\u00f3n de los niveles del gasto p\u00fablico en coordinaci\u00f3n con los dem\u00e1s Ministerios y Secretar\u00edas de Estado, en el \u00e1rea de competencia de cada uno de ellos y controlar la ejecuci\u00f3n del Presupuesto General.<\/li>\n<li>Fomentar la optimizaci\u00f3n del R\u00e9gimen Tributario Provincial.<\/li>\n<li>Entender en el dise\u00f1o de la pol\u00edtica financiera del Gobierno.<\/li>\n<li>Entender en la conducci\u00f3n de la Tesorer\u00eda y de la Contadur\u00eda General de la Provincia.<\/li>\n<li>Intervenir en la fiscalizaci\u00f3n de las cuentas de inversi\u00f3n.<\/li>\n<li>Intervenir en la emisi\u00f3n de t\u00edtulos y dem\u00e1s obligaciones de deuda p\u00fablica, en el control y gesti\u00f3n de tales emisiones y en toda operaci\u00f3n de uso del cr\u00e9dito a trav\u00e9s de la negociaci\u00f3n de letras y t\u00edtulos. Llevar debida cuenta de la deuda p\u00fablica, flotante y consolidada.<\/li>\n<li>Entender en la aplicaci\u00f3n de la pol\u00edtica salarial del Sector P\u00fablico, con la participaci\u00f3n del Jefe de Gabinete y los dem\u00e1s Ministerios que correspondan.<\/li>\n<li>Participar en la elaboraci\u00f3n, aplicaci\u00f3n y fiscalizaci\u00f3n del r\u00e9gimen de suministros del Estado.<\/li>\n<li>Entender en la organizaci\u00f3n, direcci\u00f3n y fiscalizaci\u00f3n del registro de los bienes del Estado.<\/li>\n<li>Intervenir, juntamente con los Secretarios de Estado correspondientes, en virtud de las pautas fijadas por el Jefe de Gabinete en base a las directivas emanadas del Gobernador, en la elaboraci\u00f3n de las pol\u00edticas y normas de regulaci\u00f3n de los servicios p\u00fablicos y en la fijaci\u00f3n de tarifas, c\u00e1nones, aranceles y tasas para los mismos.<\/li>\n<li>Proponer las pol\u00edticas tributarias y de finanzas del Estado provincial, as\u00ed como las normas generales de la administraci\u00f3n del ingreso y gastos p\u00fablicos.<\/li>\n<li>Recaudar las rentas internas, percibir la Coparticipaci\u00f3n Federal, regal\u00edas y dem\u00e1s asignaciones que provengan del orden nacional.<\/li>\n<li>Administrar el Tesoro y llevar la Contabilidad General de la Provincia, registrando y preservando los bienes del Estado.<\/li>\n<li>Establecer los mecanismos para la distribuci\u00f3n de los recursos coparticipados a los Municipios y Comunas.<\/li>\n<li>Definir los criterios y sistemas de registraci\u00f3n presupuestaria y contable de las transacciones y recursos de la Administraci\u00f3n P\u00fablica Provincial, as\u00ed como los mecanismos de asignaci\u00f3n y planificaci\u00f3n financiera seg\u00fan las normas vigentes.<\/li>\n<li>Intervenir en la definici\u00f3n de programas de promoci\u00f3n fiscal y financiera, de asistencia crediticia, promover la radicaci\u00f3n de empresas, el crecimiento econ\u00f3mico, la diversificaci\u00f3n de las actividades productivas en coordinaci\u00f3n con el Ministerio de la Producci\u00f3n.<\/li>\n<li>Coordinar con todos los Ministerios, las acciones conducentes para generar los recursos que les sean necesarios para cumplir con los objetivos propios de cada jurisdicci\u00f3n.<\/li>\n<li>Entender en la elaboraci\u00f3n y ejecuci\u00f3n de la pol\u00edtica de inversiones extranjeras en colaboraci\u00f3n con el Ministerio de la Producci\u00f3n.<\/li>\n<li>Efectuar la programaci\u00f3n macroecon\u00f3mica a mediano y largo plazo y en la orientaci\u00f3n de los recursos acorde con la pol\u00edtica provincial en colaboraci\u00f3n con el Ministerio de la Producci\u00f3n y otras \u00e1reas de directa incumbencia.<\/li>\n<li>Elaborar el plan de inversi\u00f3n p\u00fablica, conforme las pautas y prioridades que decida el Poder Ejecutivo Provincial.<\/li>\n<li>Intervenir en el dise\u00f1o e implementaci\u00f3n de las m\u00e1ximas decisiones pol\u00edticas, y articular con el resto de las jurisdicciones y entidades del Gobierno, las diversas herramientas de fomento a la actividad econ\u00f3mica, la promoci\u00f3n fiscal, la inversi\u00f3n p\u00fablica y la administraci\u00f3n de los recursos que resulten necesarios para impulsar las pol\u00edticas destinadas a consolidar el desarrollo social y el crecimiento econ\u00f3mico.<\/li>\n<li>Llevar a cabo estudios tendientes a una reforma del sistema tributario, as\u00ed como su modernizaci\u00f3n y armonizaci\u00f3n con los reg\u00edmenes municipales.<\/li>\n<li>Optimizar el sistema de contrataciones y suministros del Gobierno de la Provincia, dot\u00e1ndolo de mayor din\u00e1mica, eficacia y transparencia.<\/li>\n<\/ul>\n<\/div><\/section><\/p><\/div>\n","protected":false},"excerpt":{"rendered":"","protected":false},"author":2,"featured_media":0,"parent":0,"menu_order":0,"comment_status":"closed","ping_status":"closed","template":"","meta":[],"_links":{"self":[{"href":"http:\/\/meconse.gob.ar\/index.php\/wp-json\/wp\/v2\/pages\/416"}],"collection":[{"href":"http:\/\/meconse.gob.ar\/index.php\/wp-json\/wp\/v2\/pages"}],"about":[{"href":"http:\/\/meconse.gob.ar\/index.php\/wp-json\/wp\/v2\/types\/page"}],"author":[{"embeddable":true,"href":"http:\/\/meconse.gob.ar\/index.php\/wp-json\/wp\/v2\/users\/2"}],"replies":[{"embeddable":true,"href":"http:\/\/meconse.gob.ar\/index.php\/wp-json\/wp\/v2\/comments?post=416"}],"version-history":[{"count":1,"href":"http:\/\/meconse.gob.ar\/index.php\/wp-json\/wp\/v2\/pages\/416\/revisions"}],"predecessor-version":[{"id":417,"href":"http:\/\/meconse.gob.ar\/index.php\/wp-json\/wp\/v2\/pages\/416\/revisions\/417"}],"wp:attachment":[{"href":"http:\/\/meconse.gob.ar\/index.php\/wp-json\/wp\/v2\/media?parent=416"}],"curies":[{"name":"wp","href":"https:\/\/api.w.org\/{rel}","templated":true}]}}